{"id":6,"date":"2022-07-03T16:26:00","date_gmt":"2022-07-03T21:26:00","guid":{"rendered":"http:\/\/cdomosc.com\/?page_id=6"},"modified":"2023-01-27T01:49:45","modified_gmt":"2023-01-27T07:49:45","slug":"quienes-somos","status":"publish","type":"page","link":"https:\/\/cdomosc.com\/?page_id=6","title":{"rendered":"Qui\u00e9nes somos"},"content":{"rendered":"\t\t<div data-elementor-type=\"wp-page\" data-elementor-id=\"6\" class=\"elementor elementor-6\">\n\t\t\t\t\t\t<section class=\"elementor-section elementor-top-section elementor-element elementor-element-58a474a0 elementor-section-boxed elementor-section-height-default elementor-section-height-default\" data-id=\"58a474a0\" data-element_type=\"section\">\n\t\t\t\t\t\t<div class=\"elementor-container elementor-column-gap-default\">\n\t\t\t\t\t<div class=\"elementor-column elementor-col-100 elementor-top-column elementor-element elementor-element-491dbc03\" data-id=\"491dbc03\" data-element_type=\"column\">\n\t\t\t<div class=\"elementor-widget-wrap elementor-element-populated\">\n\t\t\t\t\t\t<div class=\"elementor-element elementor-element-1b77d4f elementor-widget elementor-widget-text-editor\" data-id=\"1b77d4f\" data-element_type=\"widget\" data-widget_type=\"text-editor.default\">\n\t\t\t\t<div class=\"elementor-widget-container\">\n\t\t\t<style>\/*! elementor - v3.23.0 - 15-07-2024 *\/\n.elementor-widget-text-editor.elementor-drop-cap-view-stacked .elementor-drop-cap{background-color:#69727d;color:#fff}.elementor-widget-text-editor.elementor-drop-cap-view-framed .elementor-drop-cap{color:#69727d;border:3px solid;background-color:transparent}.elementor-widget-text-editor:not(.elementor-drop-cap-view-default) .elementor-drop-cap{margin-top:8px}.elementor-widget-text-editor:not(.elementor-drop-cap-view-default) .elementor-drop-cap-letter{width:1em;height:1em}.elementor-widget-text-editor .elementor-drop-cap{float:left;text-align:center;line-height:1;font-size:50px}.elementor-widget-text-editor .elementor-drop-cap-letter{display:inline-block}<\/style>\t\t\t\t<p><!-- wp:heading {\"textAlign\":\"center\"} --><\/p>\n<h2 class=\"has-text-align-center\"><strong>VISI\u00d3N<\/strong><\/h2>\n<div><strong>\u00a0<\/strong><\/div>\n<p><!-- \/wp:heading --><\/p>\n<p><!-- wp:paragraph --><\/p>\n<p><em>\u00a0 \u00a0 \u00a0 \u00a0 \u00a0 Aportar e impulsar el crecimiento educativo, profesional y econ\u00f3mico de la poblaci\u00f3n dentro y fuera de nuestro pa\u00eds, en las \u00e1reas acad\u00e9micas, financieras, cient\u00edficas, de ingenier\u00eda y de la salud, a trav\u00e9s de ex\u00e1menes de certificaci\u00f3n internacional, bajo estrictos est\u00e1ndares de experiencia, confianza, honestidad y transparencia<\/em>.<\/p>\n<p>\u00a0<\/p>\n<p><!-- \/wp:paragraph --><\/p>\n<p><!-- wp:heading {\"textAlign\":\"center\"} --><\/p>\n<h2 class=\"has-text-align-center\"><strong>MISI\u00d3N<\/strong><\/h2>\n<div><strong>\u00a0<\/strong><\/div>\n<p><!-- \/wp:heading --><\/p>\n<p><!-- wp:paragraph --><\/p>\n<p><em>\u00a0 \u00a0 \u00a0 \u00a0 \u00a0 Estamos enfocados en brindar una grata experiencia de superaci\u00f3n personal, que permita a cada uno de nuestros clientes alcanzar sus metas y objetivos de crecimiento profesional en su entorno acad\u00e9mico-laboral, para que a su vez, aporten en el desarrollo del pa\u00eds con una proyecci\u00f3n de validez a nivel mundial.<\/em><\/p>\n<p><em>\u00a0<\/em><\/p>\n<p><!-- \/wp:paragraph --><\/p>\n<p><!-- wp:heading {\"textAlign\":\"center\"} --><\/p>\n<h2 class=\"has-text-align-center\"><strong>\u00bfPOR QU\u00c9 ELEGIR EL CENTRO PROMETRIC 8310?<\/strong><\/h2>\n<div><strong>\u00a0<\/strong><\/div>\n<p><!-- \/wp:heading --><\/p>\n<p><!-- wp:paragraph --><\/p>\n<p><em>\u00a0 \u00a0 \u00a0 \u00a0 \u00a0 CDOMO, S.C. se ha aliado con Prometric, proveedor l\u00edder de soluciones de evaluaci\u00f3n y pruebas basadas en tecnolog\u00eda para muchas de las organizaciones de certificaci\u00f3n y licencias, instituciones acad\u00e9micas y agencias gubernamentales m\u00e1s reconocidas del mundo. Prometric apoya a m\u00e1s de 7 millones de examinados anualmente, a trav\u00e9s de sus centros de ex\u00e1menes en m\u00e1s de 160 pa\u00edses de todo el mundo.\u00a0<\/em><\/p>\n<p><!-- \/wp:paragraph --><\/p>\n<p><!-- wp:paragraph --><\/p>\n<p><em>\u00a0 \u00a0 \u00a0 \u00a0 \u00a0 CDOMO logr\u00f3 la autorizaci\u00f3n para operar como \u00fanico centro de ex\u00e1menes Prometric 8310 en la Ciudad de M\u00e9xico. Los ex\u00e1menes de certificaci\u00f3n que se ofrecen a trav\u00e9s de un centro Prometric tienen la validez y el reconocimiento de confianza y seguridad aceptados por empresas, instituciones y universidades del m\u00e1s alto prestigio a nivel mundial, debido a nuestra amplia experiencia<\/em>.<\/p>\n<p><!-- \/wp:paragraph --><\/p>\n<p><!-- wp:paragraph --><\/p>\n<p><em>\u00a0 \u00a0 \u00a0 \u00a0 \u00a0 Nuestro centro Prometric 8310 de la CDMX, es uno de los m\u00e1s importantes en Latinoam\u00e9rica, ofrecemos una gama de m\u00e1s de tres mil ex\u00e1menes de certificaciones y concesi\u00f3n de licencias profesionales en los sectores de la salud, financiero e industrial, adem\u00e1s de los principales ex\u00e1menes requeridos para realizar estudios en el extranjero, desde el aprendizaje de ingl\u00e9s para ni\u00f1os y adolescentes, como para quienes buscan realizar maestr\u00edas y doctorados<\/em>.<\/p>\n<p>\u00a0<\/p>\n<p><!-- \/wp:paragraph --><\/p>\n<p><!-- wp:heading {\"textAlign\":\"center\"} --><\/p>\n<h2 class=\"has-text-align-center\"><strong>OFRECEMOS:<\/strong><\/h2>\n<div><strong>\u00a0<\/strong><\/div>\n<p><!-- \/wp:heading --><\/p>\n<p><!-- wp:list {\"ordered\":true} --><\/p>\n<ol>\n<li style=\"list-style-type: none;\">\n<ol><!-- wp:list-item --><\/ol>\n<\/li>\n<\/ol>\n<ul>\n<li><em>M\u00e1s de 20 a\u00f1os de experiencia en el sector<\/em><!-- wp:list-item --><!-- \/wp:list-item --><\/li>\n<li><em>Personal biling\u00fce internacionalmente certificado, que ha capacitado personal en otros pa\u00edses<\/em><!-- wp:list-item --><!-- \/wp:list-item --><\/li>\n<li><em>Flexibilidad\u00a0 de horarios<\/em><!-- wp:list-item --><!-- \/wp:list-item --><\/li>\n<li><em>Instalaciones aprobadas bajo un dise\u00f1o mundialmente reconocido<\/em><!-- wp:list-item --><!-- \/wp:list-item --><\/li>\n<li><em>Amplio espacio de sala de espera<\/em><\/li>\n<li><em>Locker para el resguardo de pertenencias<\/em><!-- wp:list-item --><!-- \/wp:list-item --><\/li>\n<li><em>Espacios dise\u00f1ados para personas que requieren una acomodaci\u00f3n especial, como sillas de ruedas, servicio para asistencia con animales, entre otras.<\/em><\/li>\n<li><em>Sala de ex\u00e1menes aislada de distractores externos<\/em><\/li>\n<li><em>Aire acondicionado<\/em><\/li>\n<li><em>Cub\u00edculo personalizado para la realizaci\u00f3n del examen de certificaci\u00f3n.\u00a0<\/em><\/li>\n<li><em>Aud\u00edfonos y micr\u00f3fonos de alta calidad para ex\u00e1menes que requieren audio<\/em><\/li>\n<li><em>Equipo de c\u00f3mputo personalizado\u00a0<\/em><\/li>\n<li><em>Conexi\u00f3n de internet estable de banda ancha<\/em><\/li>\n<li><em>Soporte t\u00e9cnico 24\/7<\/em><\/li>\n<li><em>Iluminaci\u00f3n adecuada dentro de la sala de ex\u00e1menes<\/em><\/li>\n<li><em>Circuito de monitoreo cerrado 24\/7<\/em><\/li>\n<li><em>Uso confidencial de datos personales<\/em><\/li>\n<\/ul>\n<p><!-- \/wp:list-item --><\/p>\n<p><!-- \/wp:list --><\/p>\t\t\t\t\t\t<\/div>\n\t\t\t\t<\/div>\n\t\t\t\t\t<\/div>\n\t\t<\/div>\n\t\t\t\t\t<\/div>\n\t\t<\/section>\n\t\t\t\t<\/div>\n\t\t","protected":false},"excerpt":{"rendered":"<p>VISI\u00d3N \u00a0 \u00a0 \u00a0 \u00a0 \u00a0 \u00a0 Aportar e impulsar el crecimiento educativo, profesional y econ\u00f3mico de la poblaci\u00f3n dentro y fuera de nuestro pa\u00eds, en las \u00e1reas acad\u00e9micas, financieras, cient\u00edficas, de ingenier\u00eda y de la salud, a trav\u00e9s de ex\u00e1menes de certificaci\u00f3n internacional, bajo estrictos est\u00e1ndares de experiencia, confianza, honestidad y transparencia. \u00a0 MISI\u00d3N [&hellip;]<\/p>\n","protected":false},"author":3,"featured_media":0,"parent":0,"menu_order":0,"comment_status":"closed","ping_status":"closed","template":"","meta":{"footnotes":""},"class_list":["post-6","page","type-page","status-publish","hentry"],"_links":{"self":[{"href":"https:\/\/cdomosc.com\/index.php?rest_route=\/wp\/v2\/pages\/6","targetHints":{"allow":["GET"]}}],"collection":[{"href":"https:\/\/cdomosc.com\/index.php?rest_route=\/wp\/v2\/pages"}],"about":[{"href":"https:\/\/cdomosc.com\/index.php?rest_route=\/wp\/v2\/types\/page"}],"author":[{"embeddable":true,"href":"https:\/\/cdomosc.com\/index.php?rest_route=\/wp\/v2\/users\/3"}],"replies":[{"embeddable":true,"href":"https:\/\/cdomosc.com\/index.php?rest_route=%2Fwp%2Fv2%2Fcomments&post=6"}],"version-history":[{"count":31,"href":"https:\/\/cdomosc.com\/index.php?rest_route=\/wp\/v2\/pages\/6\/revisions"}],"predecessor-version":[{"id":170,"href":"https:\/\/cdomosc.com\/index.php?rest_route=\/wp\/v2\/pages\/6\/revisions\/170"}],"wp:attachment":[{"href":"https:\/\/cdomosc.com\/index.php?rest_route=%2Fwp%2Fv2%2Fmedia&parent=6"}],"curies":[{"name":"wp","href":"https:\/\/api.w.org\/{rel}","templated":true}]}}